{"id":27,"date":"2012-01-07T11:09:04","date_gmt":"2012-01-07T10:09:04","guid":{"rendered":"http:\/\/www.lacasadesusana.es\/?page_id=27"},"modified":"2023-11-18T22:44:45","modified_gmt":"2023-11-18T20:44:45","slug":"servicios","status":"publish","type":"page","link":"https:\/\/lacasadesusana.es\/es\/servicios\/","title":{"rendered":"Servicios"},"content":{"rendered":"<table style=\"text-align: left; font-size: 12px; font-weight: normal;\" width=\"100%; cellspacing:10px;\">\n<tbody>\n<tr>\n<td style=\"text-align: justify; padding: 5px 10px 5px 10px;\" valign=\"top\">\n<h3>CHOFER<\/h3>\n<p>SERVICIO DE CONDUCTOR PRIVADO TANTO DIURNO COMO NOCTURNO PARA FACILITAR LOS TRASLADOS EN LA ISLA.<br \/>\nTotal discrecci\u00f3n y profesionalidad.<\/td>\n<td style=\"text-align: justify; padding: 5px 10px 5px 10px;\" valign=\"top\">\n<h3>BELLEZA<\/h3>\n<p>EQUIPO DE PROFESIONALES CUALIFICADOS PARA SU BELLEZA Y RELAX.<br \/>\nMasajistas, esteticiens, profesores de yoga y pilates, entrenador personal, ect&#8230;<\/td>\n<\/tr>\n<tr>\n<td valign=\"top\"><img loading=\"lazy\" decoding=\"async\" class=\"alignnone size-full wp-image-10993\" src=\"http:\/\/lacasadesusana.es\/wp-content\/uploads\/2012\/01\/driver1.png\" alt=\"driver1\" width=\"450\" height=\"160\" \/><\/td>\n<td valign=\"top\"><img loading=\"lazy\" decoding=\"async\" class=\"alignnone size-full wp-image-10987\" src=\"http:\/\/lacasadesusana.es\/wp-content\/uploads\/2012\/01\/beauty1.png\" alt=\"beauty1\" width=\"450\" height=\"160\" \/><\/td>\n<\/tr>\n<tr>\n<td valign=\"top\"><img loading=\"lazy\" decoding=\"async\" class=\"alignnone size-full wp-image-10989\" src=\"http:\/\/lacasadesusana.es\/wp-content\/uploads\/2012\/01\/catering1.png\" alt=\"catering1\" width=\"450\" height=\"160\" \/><\/td>\n<td valign=\"top\"><img loading=\"lazy\" decoding=\"async\" class=\"alignnone size-full wp-image-10991\" src=\"http:\/\/lacasadesusana.es\/wp-content\/uploads\/2012\/01\/chef1.png\" alt=\"chef1\" width=\"450\" height=\"160\" \/><\/td>\n<\/tr>\n<tr>\n<td style=\"text-align: justify; padding: 5px 10px 5px 10px;\" valign=\"top\" width=\"30%\">\n<h3>CATERING<\/h3>\n<p>PODR\u00c1N ELEGIR ENTRE DIVERSOS CATERINGS CON LOS SABORES M\u00c1S ELABORADOS Y EX\u00d3TICOS DEL MERCADO.<br \/>\nAlta cocina vasca, mediterr\u00e1nea, japonesa, italiana, argentina, ect&#8230;<\/td>\n<td style=\"text-align: justify; padding: 5px 10px 5px 10px;\" valign=\"top\" width=\"30%\">\n<h3>CHEF<\/h3>\n<p>DISPONEMOS DE UN CHEF PRIVADO RECONOCIDO A NIVEL NACIONAL E INTERNACIONAL PARA PALADARES EXIGENTES.<br \/>\nTambi\u00e9n disponemos de Chefs locales o al gusto del cliente.<\/td>\n<\/tr>\n<\/tbody>\n<\/table>\n","protected":false},"excerpt":{"rendered":"<p>\t\t\t\t<![CDATA[]]>\t\t<\/p>\n","protected":false},"author":40,"featured_media":0,"parent":0,"menu_order":0,"comment_status":"closed","ping_status":"closed","template":"","meta":{"footnotes":""},"class_list":["post-27","page","type-page","status-publish","hentry"],"_links":{"self":[{"href":"https:\/\/lacasadesusana.es\/es\/wp-json\/wp\/v2\/pages\/27","targetHints":{"allow":["GET"]}}],"collection":[{"href":"https:\/\/lacasadesusana.es\/es\/wp-json\/wp\/v2\/pages"}],"about":[{"href":"https:\/\/lacasadesusana.es\/es\/wp-json\/wp\/v2\/types\/page"}],"author":[{"embeddable":true,"href":"https:\/\/lacasadesusana.es\/es\/wp-json\/wp\/v2\/users\/40"}],"replies":[{"embeddable":true,"href":"https:\/\/lacasadesusana.es\/es\/wp-json\/wp\/v2\/comments?post=27"}],"version-history":[{"count":1,"href":"https:\/\/lacasadesusana.es\/es\/wp-json\/wp\/v2\/pages\/27\/revisions"}],"predecessor-version":[{"id":19904,"href":"https:\/\/lacasadesusana.es\/es\/wp-json\/wp\/v2\/pages\/27\/revisions\/19904"}],"wp:attachment":[{"href":"https:\/\/lacasadesusana.es\/es\/wp-json\/wp\/v2\/media?parent=27"}],"curies":[{"name":"wp","href":"https:\/\/api.w.org\/{rel}","templated":true}]}}