{"id":23,"date":"2012-01-07T11:07:52","date_gmt":"2012-01-07T09:07:52","guid":{"rendered":"http:\/\/www.lacasadesusana.es\/?page_id=23"},"modified":"2026-01-31T00:07:01","modified_gmt":"2026-01-30T22:07:01","slug":"alquileres","status":"publish","type":"page","link":"https:\/\/lacasadesusana.es\/es\/alquileres\/","title":{"rendered":"Alquileres"},"content":{"rendered":"<p>[vc_row][vc_column][vc_column_text css=\u00bb.vc_custom_1769810815043{margin-top: 10px !important;padding-top: 10px !important;padding-right: 10px !important;padding-bottom: 10px !important;padding-left: 10px !important;}\u00bb]<span style=\"color: #666699;\">Conocemos nuestras propiedades y estamos orgullosos de ofrecer la mejor selecci\u00f3n de villas en Ibiza, cada una cuidadosamente seleccionada.<\/span><br \/>\n<strong><span style=\"color: #666699;\">Le ayudaremos a tomar la mejor decisi\u00f3n en su alquiler.<\/span><\/strong><br \/>\n<span style=\"color: #666699;\">Muchos de nuestros propietarios son muy discretos y sus villas no aparecen en Internet. Por favor cont\u00e1ctenos para verificar las propiedades de la billetera privada.<\/span><br \/>\n<span style=\"color: #666699;\">El departamento de alquiler de La Casa De Susana cree en la calidad de sus propiedades elegidas personalmente con un criterio formado a partir de la experiencia.<\/span><br \/>\n<span style=\"color: #666699;\">La evidencia de que nuestro servicio es \u00fanico, profesional y honesto es la gran cantidad de clientes que regresan y regresan a nosotros a\u00f1o tras a\u00f1o.<\/span><br \/>\n<strong><span style=\"color: #666699;\">Prestamos atenci\u00f3n a cada detalle, para que t\u00fa s\u00f3lo tengas que disfrutar de este para\u00edso llamado Ibiza.<\/span><\/strong>[\/vc_column_text][\/vc_column][vc_column][pbr_estate_filter_property opalestate_status=\u00bbrent\u00bb column=\u00bb3&#8243; limit=\u00bb6&#8243; pagination=\u00bbtrue\u00bb][\/vc_column][\/vc_row]<\/p>\n","protected":false},"excerpt":{"rendered":"<p>\t\t\t\t<![CDATA[]]>\t\t<\/p>\n","protected":false},"author":40,"featured_media":0,"parent":0,"menu_order":0,"comment_status":"closed","ping_status":"closed","template":"","meta":{"footnotes":""},"class_list":["post-23","page","type-page","status-publish","hentry"],"_links":{"self":[{"href":"https:\/\/lacasadesusana.es\/es\/wp-json\/wp\/v2\/pages\/23","targetHints":{"allow":["GET"]}}],"collection":[{"href":"https:\/\/lacasadesusana.es\/es\/wp-json\/wp\/v2\/pages"}],"about":[{"href":"https:\/\/lacasadesusana.es\/es\/wp-json\/wp\/v2\/types\/page"}],"author":[{"embeddable":true,"href":"https:\/\/lacasadesusana.es\/es\/wp-json\/wp\/v2\/users\/40"}],"replies":[{"embeddable":true,"href":"https:\/\/lacasadesusana.es\/es\/wp-json\/wp\/v2\/comments?post=23"}],"version-history":[{"count":14,"href":"https:\/\/lacasadesusana.es\/es\/wp-json\/wp\/v2\/pages\/23\/revisions"}],"predecessor-version":[{"id":27239,"href":"https:\/\/lacasadesusana.es\/es\/wp-json\/wp\/v2\/pages\/23\/revisions\/27239"}],"wp:attachment":[{"href":"https:\/\/lacasadesusana.es\/es\/wp-json\/wp\/v2\/media?parent=23"}],"curies":[{"name":"wp","href":"https:\/\/api.w.org\/{rel}","templated":true}]}}