{"id":11011,"date":"2020-03-23T19:12:02","date_gmt":"2020-03-23T19:12:02","guid":{"rendered":"http:\/\/lacasadesusana.es\/inicio-1\/"},"modified":"2023-11-21T00:50:29","modified_gmt":"2023-11-20T22:50:29","slug":"inicio-1","status":"publish","type":"page","link":"https:\/\/lacasadesusana.es\/es\/","title":{"rendered":"Inicio 1"},"content":{"rendered":"<p>[vc_row][vc_column][rev_slider_vc alias=\u00bbslide01&#8243;][\/vc_column][\/vc_row][vc_row css=\u00bb.vc_custom_1458123789961{margin-bottom: 70px !important;}\u00bb][vc_column][vc_row_inner css=\u00bb.vc_custom_1464581128231{padding-bottom: 60px !important;background-image: url() !important;background-position: center !important;background-repeat: no-repeat !important;background-size: cover !important;}\u00bb][vc_column_inner css=\u00bb.vc_custom_1458878712413{padding-top: 40px !important;padding-left: 60px !important;}\u00bb][vc_cta h2=\u00bbCompra y venta de viviendas f\u00e1cil\u00bb h2_font_container=\u00bbfont_size:36px|line_height:40px\u00bb h2_google_fonts=\u00bbfont_family:Lato%3A100%2C100italic%2C300%2C300italic%2Cregular%2Citalic%2C700%2C700italic%2C900%2C900italic|font_style:300%20light%20regular%3A300%3Anormal\u00bb shape=\u00bbsquare\u00bb style=\u00bbcustom\u00bb use_custom_fonts_h2=\u00bbtrue\u00bb custom_background=\u00bbrgba(255,255,255,0.01)\u00bb h2_el_class=\u00bbspace-margin-bottom-30p\u00bb]<span class=\"s1\">La agencia de servicios inmobiliarios La Casa De Susana fue fundada en 2010 por Susana Rodrigo, original de San Sebastian, Espa\u00f1a, residente en Ibiza desde 1999.<\/span><\/p>\n<p class=\"p1\"><span class=\"s1\">Tras su experiencia con The Key, Ibiza, decidi\u00f3 crecer y crear un concepto mas personalizado con La Casa De Susana.<\/span><\/p>\n<p class=\"p3\"><span class=\"s1\">Ofrecemos a nuestros clientes la mayor selecci\u00f3n de las propiedades m\u00e1s codiciadas de Ibiza, as\u00ed como la ayuda para guiarle y asesorarle en cada paso del proceso de compra o alquiler.<\/span><\/p>\n<p class=\"p4\"><span class=\"s1\">Con La Casa de Susana encontrar\u00e1s la propiedad de tus sue\u00f1os, la que se adapte a tus necesidades, estilo de vida y presupuesto.<\/span><\/p>\n<p class=\"p4\"><span class=\"s1\">El 90% de las propiedades que ofrecemos son de gesti\u00f3n directa con la propiedad. En el caso que el cliente necesite un producto que no est\u00e9 disponible en esos momentos, colaboramos con varias agencias experimentadas de la isla con las que completamos la oferta y podemos dar el servicio requerido con una intachable profesionalidad. <\/span><\/p>\n<p class=\"p4\"><span class=\"s1\">Nuestra base de datos incluye contactos comerciales correspondientes a instituciones financieras y bancos, bufetes de abogados y empresas asociadas de todos los sectores economicos mas relevantes con que llevar a cabo negociaciones formales y discretas.<\/span><\/p>\n<p>[\/vc_cta][\/vc_column_inner][\/vc_row_inner][\/vc_column][\/vc_row][vc_row][vc_column][pbr_estate_grid_property title=\u00bbPropiedades Recientes\u00bb column=\u00bb3&#8243; limit=\u00bb6&#8243; opalestate_location=\u00bbmunich\u00bb][\/vc_column][\/vc_row][vc_row full_width=\u00bbstretch_row\u00bb bgstyle=\u00bbbg-navy\u00bb css=\u00bb.vc_custom_1700351727870{margin-bottom: 70px !important;padding-top: 100px !important;padding-bottom: 100px !important;background-image: url(http:\/\/lacasadesusana.es\/wp\/wp-content\/uploads\/2015\/06\/bg-4.png?id=8162) !important;background-position: center !important;background-repeat: no-repeat !important;background-size: cover !important;}\u00bb][vc_column width=\u00bb1\/4&#8243;][vc_cta h2=\u00bbVALORACI\u00d3N DE INMUEBLES\u00bb h2_font_container=\u00bbfont_size:14px|color:%23ffffff|line_height:24px\u00bb h2_google_fonts=\u00bbfont_family:Montserrat%3Aregular%2C700|font_style:400%20regular%3A400%3Anormal\u00bb txt_align=\u00bbcenter\u00bb style=\u00bbcustom\u00bb add_icon=\u00bbtop\u00bb i_type=\u00bbtypicons\u00bb i_icon_typicons=\u00bbtypcn typcn-home-outline\u00bb i_size=\u00bblg\u00bb i_colorstyle=\u00bbtext-primary\u00bb use_custom_fonts_h2=\u00bbtrue\u00bb i_on_border=\u00bbtrue\u00bb i_color=\u00bbcustom\u00bb custom_background=\u00bbrgba(255,255,255,0.01)\u00bb custom_text=\u00bb#bbbbbb\u00bb el_class=\u00bbtext-gray\u00bb]Durante m\u00e1s de 20 a\u00f1os, hemos entregado constantemente una cartera incomparable de propiedades a las personas que desean una experiencia de mudanza sin problemas en y alrededor del mundo.[\/vc_cta][\/vc_column][vc_column width=\u00bb1\/4&#8243;][vc_cta h2=\u00bbCALIDAD PREMIUM\u00bb h2_font_container=\u00bbfont_size:14px|color:%23ffffff|line_height:24px\u00bb h2_google_fonts=\u00bbfont_family:Montserrat%3Aregular%2C700|font_style:400%20regular%3A400%3Anormal\u00bb txt_align=\u00bbcenter\u00bb style=\u00bbcustom\u00bb add_icon=\u00bbtop\u00bb i_type=\u00bbentypo\u00bb i_icon_entypo=\u00bbentypo-icon entypo-icon-vcard\u00bb i_size=\u00bblg\u00bb i_colorstyle=\u00bbtext-primary\u00bb use_custom_fonts_h2=\u00bbtrue\u00bb i_on_border=\u00bbtrue\u00bb i_color=\u00bb\u00bb custom_background=\u00bbrgba(255,255,255,0.01)\u00bb custom_text=\u00bb#bbbbbb\u00bb el_class=\u00bbtext-gray\u00bb]Somos un \u00abagente seguro\u00bb y un miembro del esquema de dep\u00f3sito protegido \u00abmis dep\u00f3sitos\u00bb, todo lo cual le brinda total tranquilidad.[\/vc_cta][\/vc_column][vc_column width=\u00bb1\/4&#8243;][vc_cta h2=\u00bbATENCI\u00d3N AL CLIENTE AMISTOSA\u00bb h2_font_container=\u00bbfont_size:14px|color:%23ffffff|line_height:24px\u00bb h2_google_fonts=\u00bbfont_family:Montserrat%3Aregular%2C700|font_style:400%20regular%3A400%3Anormal\u00bb txt_align=\u00bbcenter\u00bb style=\u00bbcustom\u00bb add_icon=\u00bbtop\u00bb i_type=\u00bbtypicons\u00bb i_icon_typicons=\u00bbtypcn typcn-messages\u00bb i_size=\u00bblg\u00bb i_colorstyle=\u00bbtext-primary\u00bb use_custom_fonts_h2=\u00bbtrue\u00bb i_on_border=\u00bbtrue\u00bb i_color=\u00bb\u00bb custom_background=\u00bbrgba(255,255,255,0.01)\u00bb custom_text=\u00bb#bbbbbb\u00bb el_class=\u00bbtext-gray\u00bb]Cada miembro de nuestro equipo tiene mucha experiencia en el mercado y tiene un conocimiento local excepcional, proporcionando una experiencia de mudanza sin problemas para nuestros clientes.[\/vc_cta][\/vc_column][vc_column width=\u00bb1\/4&#8243;][vc_cta h2=\u00bbTE AHORAMOS TIEMPO\u00bb h2_font_container=\u00bbfont_size:14px|color:%23ffffff|line_height:24px\u00bb h2_google_fonts=\u00bbfont_family:Montserrat%3Aregular%2C700|font_style:400%20regular%3A400%3Anormal\u00bb txt_align=\u00bbcenter\u00bb style=\u00bbcustom\u00bb add_icon=\u00bbtop\u00bb i_type=\u00bblinecons\u00bb i_icon_linecons=\u00bbvc_li vc_li-clock\u00bb i_size=\u00bblg\u00bb i_colorstyle=\u00bbtext-primary\u00bb use_custom_fonts_h2=\u00bbtrue\u00bb i_on_border=\u00bbtrue\u00bb i_color=\u00bb\u00bb custom_background=\u00bbrgba(255,255,255,0.01)\u00bb custom_text=\u00bb#bbbbbb\u00bb el_class=\u00bbtext-gray\u00bb]Si la propiedad seleccionada necesita mejoras para adaptarla a las especificaciones requeridas, no hay problema, nuestro equipo de mantenimiento interno estar\u00e1 disponible para realizar los cambios.[\/vc_cta][\/vc_column][\/vc_row]<\/p>\n","protected":false},"excerpt":{"rendered":"<p>[vc_row][vc_column][rev_slider_vc alias=\u00bbslide01&#8243;][\/vc_column][\/vc_row][vc_row css=\u00bb.vc_custom_1458123789961{margin-bottom: 70px !important;}\u00bb][vc_column][vc_row_inner css=\u00bb.vc_custom_1464581128231{padding-bottom: 60px !important;background-image: url() !important;background-position: center !important;background-repeat: no-repeat !important;background-size: cover !important;}\u00bb][vc_column_inner css=\u00bb.vc_custom_1458878712413{padding-top: 40px !important;padding-left: 60px !important;}\u00bb][vc_cta h2=\u00bbCompra y venta de viviendas f\u00e1cil\u00bb h2_font_container=\u00bbfont_size:36px|line_height:40px\u00bb h2_google_fonts=\u00bbfont_family:Lato%3A100%2C100italic%2C300%2C300italic%2Cregular%2Citalic%2C700%2C700italic%2C900%2C900italic|font_style:300%20light%20regular%3A300%3Anormal\u00bb shape=\u00bbsquare\u00bb style=\u00bbcustom\u00bb use_custom_fonts_h2=\u00bbtrue\u00bb custom_background=\u00bbrgba(255,255,255,0.01)\u00bb h2_el_class=\u00bbspace-margin-bottom-30p\u00bb]La agencia de servicios inmobiliarios La Casa De Susana fue fundada en 2010 por Susana Rodrigo, original de San Sebastian, Espa\u00f1a, residente &hellip; <a href=\"https:\/\/lacasadesusana.es\/es\/\" class=\"more-link\">Continue reading <span class=\"screen-reader-text\">Inicio 1<\/span> <span class=\"meta-nav\">&rarr;<\/span><\/a><\/p>\n","protected":false},"author":40,"featured_media":0,"parent":0,"menu_order":0,"comment_status":"closed","ping_status":"closed","template":"","meta":{"footnotes":""},"class_list":["post-11011","page","type-page","status-publish","hentry"],"_links":{"self":[{"href":"https:\/\/lacasadesusana.es\/es\/wp-json\/wp\/v2\/pages\/11011","targetHints":{"allow":["GET"]}}],"collection":[{"href":"https:\/\/lacasadesusana.es\/es\/wp-json\/wp\/v2\/pages"}],"about":[{"href":"https:\/\/lacasadesusana.es\/es\/wp-json\/wp\/v2\/types\/page"}],"author":[{"embeddable":true,"href":"https:\/\/lacasadesusana.es\/es\/wp-json\/wp\/v2\/users\/40"}],"replies":[{"embeddable":true,"href":"https:\/\/lacasadesusana.es\/es\/wp-json\/wp\/v2\/comments?post=11011"}],"version-history":[{"count":8,"href":"https:\/\/lacasadesusana.es\/es\/wp-json\/wp\/v2\/pages\/11011\/revisions"}],"predecessor-version":[{"id":26780,"href":"https:\/\/lacasadesusana.es\/es\/wp-json\/wp\/v2\/pages\/11011\/revisions\/26780"}],"wp:attachment":[{"href":"https:\/\/lacasadesusana.es\/es\/wp-json\/wp\/v2\/media?parent=11011"}],"curies":[{"name":"wp","href":"https:\/\/api.w.org\/{rel}","templated":true}]}}