{"id":11006,"date":"2020-03-23T19:04:49","date_gmt":"2020-03-23T19:04:49","guid":{"rendered":"http:\/\/lacasadesusana.es\/contactanos\/"},"modified":"2023-11-23T00:39:55","modified_gmt":"2023-11-22T22:39:55","slug":"contacto","status":"publish","type":"page","link":"https:\/\/lacasadesusana.es\/es\/contacto\/","title":{"rendered":"Contacto"},"content":{"rendered":"<p>[vc_row full_width=\u00bbstretch_row\u00bb isfullwidth=\u00bb0&#8243;][vc_column css=\u00bb.vc_custom_1459915382822{margin-right: 0px !important;margin-left: 0px !important;}\u00bb][vc_row_inner bgstyle=\u00bbbg-primary\u00bb css=\u00bb.vc_custom_1469520802091{padding-top: 35px !important;padding-bottom: 25px !important;}\u00bb][vc_column_inner width=\u00bb1\/3&#8243;][vc_cta h2=\u00bbT. (0034) 676 671 258&#8243; h2_font_container=\u00bbfont_size:14px|color:%23ffffff|line_height:24px\u00bb h2_google_fonts=\u00bbfont_family:Lato%3A100%2C100italic%2C300%2C300italic%2Cregular%2Citalic%2C700%2C700italic%2C900%2C900italic|font_style:400%20regular%3A400%3Anormal\u00bb txt_align=\u00bbcenter\u00bb style=\u00bbcustom\u00bb add_icon=\u00bbtop\u00bb i_icon_fontawesome=\u00bbfa fa-phone-square\u00bb i_size=\u00bbsm\u00bb use_custom_fonts_h2=\u00bbtrue\u00bb i_on_border=\u00bbtrue\u00bb i_color=\u00bbcustom\u00bb i_custom_color=\u00bb#ffffff\u00bb custom_background=\u00bbrgba(255,255,255,0.01)\u00bb el_class=\u00bbspace-padding-tb-15&#8243;][\/vc_cta][\/vc_column_inner][vc_column_inner width=\u00bb1\/3&#8243;][vc_cta h2=\u00bbSi desea informaci\u00f3n o reservar una propiedad rellene los siguientes campos, les responderemos a la mayor brevedad posible.\u00bb h2_font_container=\u00bbfont_size:14px|color:%23ffffff|line_height:24px\u00bb h2_google_fonts=\u00bbfont_family:Lato%3A100%2C100italic%2C300%2C300italic%2Cregular%2Citalic%2C700%2C700italic%2C900%2C900italic|font_style:400%20regular%3A400%3Anormal\u00bb txt_align=\u00bbcenter\u00bb style=\u00bbcustom\u00bb use_custom_fonts_h2=\u00bbtrue\u00bb i_color=\u00bbcustom\u00bb i_custom_color=\u00bb#ffffff\u00bb custom_background=\u00bbrgba(255,255,255,0.01)\u00bb el_class=\u00bbspace-padding-tb-15&#8243;][\/vc_cta][\/vc_column_inner][vc_column_inner width=\u00bb1\/3&#8243;][vc_cta h2=\u00bbinfo@lacasadesusana.es\u00bb h2_font_container=\u00bbfont_size:14px|color:%23ffffff|line_height:24px\u00bb h2_google_fonts=\u00bbfont_family:Lato%3A100%2C100italic%2C300%2C300italic%2Cregular%2Citalic%2C700%2C700italic%2C900%2C900italic|font_style:400%20regular%3A400%3Anormal\u00bb txt_align=\u00bbcenter\u00bb style=\u00bbcustom\u00bb add_icon=\u00bbtop\u00bb i_icon_fontawesome=\u00bbfa fa-envelope\u00bb i_size=\u00bbsm\u00bb use_custom_fonts_h2=\u00bbtrue\u00bb i_on_border=\u00bbtrue\u00bb i_color=\u00bbcustom\u00bb i_custom_color=\u00bb#ffffff\u00bb custom_background=\u00bbrgba(255,255,255,0.01)\u00bb el_class=\u00bbspace-padding-tb-15&#8243;][\/vc_cta][\/vc_column_inner][\/vc_row_inner][\/vc_column][\/vc_row][vc_row css=\u00bb.vc_custom_1700692792707{margin-top: 20px !important;}\u00bb][vc_column]\n<div class=\"wpcf7 no-js\" id=\"wpcf7-f17131-o1\" lang=\"es-ES\" dir=\"ltr\" data-wpcf7-id=\"17131\">\n<div class=\"screen-reader-response\"><p role=\"status\" aria-live=\"polite\" aria-atomic=\"true\"><\/p> <ul><\/ul><\/div>\n<form action=\"\/es\/wp-json\/wp\/v2\/pages\/11006#wpcf7-f17131-o1\" method=\"post\" class=\"wpcf7-form init\" aria-label=\"Formulario de contacto\" novalidate=\"novalidate\" data-status=\"init\">\n<fieldset class=\"hidden-fields-container\"><input type=\"hidden\" name=\"_wpcf7\" value=\"17131\" \/><input type=\"hidden\" name=\"_wpcf7_version\" value=\"6.1.4\" \/><input type=\"hidden\" name=\"_wpcf7_locale\" value=\"es_ES\" \/><input type=\"hidden\" name=\"_wpcf7_unit_tag\" value=\"wpcf7-f17131-o1\" \/><input type=\"hidden\" name=\"_wpcf7_container_post\" value=\"0\" \/><input type=\"hidden\" name=\"_wpcf7_posted_data_hash\" value=\"\" \/><input type=\"hidden\" name=\"_wpcf7_recaptcha_response\" value=\"\" \/>\n<\/fieldset>\n<h4 class=\"form-title text-center\">Escrib\u00ednos\n<\/h4>\n<div class=\"contact-form-3\">\n\t<div class=\"row contact-form-3\">\n\t\t<div class=\"col-lg-4 col-md-4 col-sm-12 col-xs-12\">\n\t\t\t<div class=\"form-group\">\n\t\t\t\t<p><label for=\"your_name\">Tu nombre (obligatorio)<\/label><br \/>\n<span class=\"wpcf7-form-control-wrap\" data-name=\"your-name\"><input size=\"40\" maxlength=\"400\" class=\"wpcf7-form-control wpcf7-text wpcf7-validates-as-required\" autocomplete=\"name\" aria-required=\"true\" aria-invalid=\"false\" value=\"\" type=\"text\" name=\"your-name\" \/><\/span>\n\t\t\t\t<\/p>\n\t\t\t<\/div>\n\t\t<\/div>\n\t\t<div class=\"col-lg-4 col-md-4 col-sm-12 col-xs-12\">\n\t\t\t<div class=\"form-group\">\n\t\t\t\t<p><label for=\"your_email\">Tu correo electr\u00f3nico (obligatorio) <\/label><br \/>\n<span class=\"wpcf7-form-control-wrap\" data-name=\"your-email\"><input size=\"40\" maxlength=\"400\" class=\"wpcf7-form-control wpcf7-email wpcf7-validates-as-required wpcf7-text wpcf7-validates-as-email\" autocomplete=\"email\" aria-required=\"true\" aria-invalid=\"false\" value=\"\" type=\"email\" name=\"your-email\" \/><\/span>\n\t\t\t\t<\/p>\n\t\t\t<\/div>\n\t\t<\/div>\n\t\t<div class=\"col-lg-4 col-md-4 col-sm-12 col-xs-12\">\n\t\t\t<div class=\"form-group\">\n\t\t\t\t<p><label for=\"contact_subject\">Asunto <\/label><br \/>\n<span class=\"wpcf7-form-control-wrap\" data-name=\"your-subject\"><input size=\"40\" maxlength=\"400\" class=\"wpcf7-form-control wpcf7-text wpcf7-validates-as-required\" aria-required=\"true\" aria-invalid=\"false\" value=\"\" type=\"text\" name=\"your-subject\" \/><\/span>\n\t\t\t\t<\/p>\n\t\t\t<\/div>\n\t\t<\/div>\n\t<\/div>\n\t<div class=\"form-group\">\n\t\t<p><label for=\"your_message\">Tu mensaje <\/label><br \/>\n<span class=\"wpcf7-form-control-wrap\" data-name=\"your-message\"><textarea cols=\"40\" rows=\"10\" maxlength=\"2000\" class=\"wpcf7-form-control wpcf7-textarea form-toto\" id=\"your-message\" aria-invalid=\"false\" name=\"your-message\"><\/textarea><\/span>\n\t\t<\/p>\n\t<\/div>\n\t<div class=\"form-group text-center\">\n\t\t<p><span class=\"wpcf7-form-control-wrap\" data-name=\"acceptance-9\"><span class=\"wpcf7-form-control wpcf7-acceptance optional\"><span class=\"wpcf7-list-item\"><label><input type=\"checkbox\" name=\"acceptance-9\" value=\"1\" aria-invalid=\"false\" \/><span class=\"wpcf7-list-item-label\">PROTECCI\u00d3N DE DATOS:\nDe conformidad con las normativas de protecci\u00f3n de datos, le facilitamos la siguiente informaci\u00f3n del tratamiento: Responsable: SUSANA RODRIGO COLINAS\nFines del tratamiento: mantener una relaci\u00f3n comercial y enviar comunicaciones de productos o servicios Derechos que le asisten: acceso, rectificaci\u00f3n, portabilidad, supresi\u00f3n, limitaci\u00f3n y oposici\u00f3n\nM\u00e1s informaci\u00f3n del tratamiento en la <a href=\"https:\/\/lacasadesusana.es\/politica-de-privacidad\/\"> Pol\u00edtica de privacidad <\/a>\nO Acepto el tratamiento de mis datos para el env\u00edo de comunicaciones de productos o servicios<\/span><\/label><\/span><\/span><\/span>\n\t\t<\/p>\n\t<\/div>\n\t<div class=\"form-group text-center\">\n\t\t<p><input class=\"wpcf7-form-control wpcf7-submit has-spinner\" type=\"submit\" value=\"Enviar\" \/>\n\t\t<\/p>\n\t<\/div>\n<\/div><div class=\"wpcf7-response-output\" aria-hidden=\"true\"><\/div>\n<\/form>\n<\/div>\n[\/vc_column][\/vc_row]<\/p>\n","protected":false},"excerpt":{"rendered":"<p>[vc_row full_width=\u00bbstretch_row\u00bb isfullwidth=\u00bb0&#8243;][vc_column css=\u00bb.vc_custom_1459915382822{margin-right: 0px !important;margin-left: 0px !important;}\u00bb][vc_row_inner bgstyle=\u00bbbg-primary\u00bb css=\u00bb.vc_custom_1469520802091{padding-top: 35px !important;padding-bottom: 25px !important;}\u00bb][vc_column_inner width=\u00bb1\/3&#8243;][vc_cta h2=\u00bbT. (0034) 676 671 258&#8243; h2_font_container=\u00bbfont_size:14px|color:%23ffffff|line_height:24px\u00bb h2_google_fonts=\u00bbfont_family:Lato%3A100%2C100italic%2C300%2C300italic%2Cregular%2Citalic%2C700%2C700italic%2C900%2C900italic|font_style:400%20regular%3A400%3Anormal\u00bb txt_align=\u00bbcenter\u00bb style=\u00bbcustom\u00bb add_icon=\u00bbtop\u00bb i_icon_fontawesome=\u00bbfa fa-phone-square\u00bb i_size=\u00bbsm\u00bb use_custom_fonts_h2=\u00bbtrue\u00bb i_on_border=\u00bbtrue\u00bb i_color=\u00bbcustom\u00bb i_custom_color=\u00bb#ffffff\u00bb custom_background=\u00bbrgba(255,255,255,0.01)\u00bb el_class=\u00bbspace-padding-tb-15&#8243;][\/vc_cta][\/vc_column_inner][vc_column_inner width=\u00bb1\/3&#8243;][vc_cta h2=\u00bbSi desea informaci\u00f3n o reservar una propiedad rellene los siguientes campos, les responderemos a la mayor brevedad posible.\u00bb h2_font_container=\u00bbfont_size:14px|color:%23ffffff|line_height:24px\u00bb h2_google_fonts=\u00bbfont_family:Lato%3A100%2C100italic%2C300%2C300italic%2Cregular%2Citalic%2C700%2C700italic%2C900%2C900italic|font_style:400%20regular%3A400%3Anormal\u00bb &hellip; <a href=\"https:\/\/lacasadesusana.es\/es\/contacto\/\" class=\"more-link\">Continue reading <span class=\"screen-reader-text\">Contacto<\/span> <span class=\"meta-nav\">&rarr;<\/span><\/a><\/p>\n","protected":false},"author":40,"featured_media":0,"parent":0,"menu_order":0,"comment_status":"closed","ping_status":"closed","template":"page-templates\/full-width.php","meta":{"footnotes":""},"class_list":["post-11006","page","type-page","status-publish","hentry"],"_links":{"self":[{"href":"https:\/\/lacasadesusana.es\/es\/wp-json\/wp\/v2\/pages\/11006","targetHints":{"allow":["GET"]}}],"collection":[{"href":"https:\/\/lacasadesusana.es\/es\/wp-json\/wp\/v2\/pages"}],"about":[{"href":"https:\/\/lacasadesusana.es\/es\/wp-json\/wp\/v2\/types\/page"}],"author":[{"embeddable":true,"href":"https:\/\/lacasadesusana.es\/es\/wp-json\/wp\/v2\/users\/40"}],"replies":[{"embeddable":true,"href":"https:\/\/lacasadesusana.es\/es\/wp-json\/wp\/v2\/comments?post=11006"}],"version-history":[{"count":3,"href":"https:\/\/lacasadesusana.es\/es\/wp-json\/wp\/v2\/pages\/11006\/revisions"}],"predecessor-version":[{"id":23647,"href":"https:\/\/lacasadesusana.es\/es\/wp-json\/wp\/v2\/pages\/11006\/revisions\/23647"}],"wp:attachment":[{"href":"https:\/\/lacasadesusana.es\/es\/wp-json\/wp\/v2\/media?parent=11006"}],"curies":[{"name":"wp","href":"https:\/\/api.w.org\/{rel}","templated":true}]}}